{"id":6137,"date":"2018-10-23T11:43:38","date_gmt":"2018-10-23T15:43:38","guid":{"rendered":"https:\/\/copingspace.org\/divulgaciones\/"},"modified":"2025-12-10T12:15:18","modified_gmt":"2025-12-10T17:15:18","slug":"divulgaciones","status":"publish","type":"page","link":"https:\/\/copingspace.org\/es\/divulgaciones\/","title":{"rendered":"Divulgaciones"},"content":{"rendered":"<p>[et_pb_section fb_built=\u00bb1&#8243; fullwidth=\u00bbon\u00bb custom_padding_last_edited=\u00bbon|desktop\u00bb _builder_version=\u00bb4.16&#8243; background_color=\u00bbrgba(255,255,255,0)\u00bb custom_margin=\u00bb0px||0px|\u00bb custom_padding=\u00bb0px||0px|\u00bb custom_padding_tablet=\u00bb50px|0|50px|0&#8243; custom_padding_phone=\u00bb\u00bb transparent_background=\u00bbon\u00bb global_colors_info=\u00bb{}\u00bb][et_pb_fullwidth_header text_orientation=\u00bbcenter\u00bb image_orientation=\u00bbbottom\u00bb disabled_on=\u00bbon||\u00bb admin_label=\u00bbFullwidth Header &#8211; page title banner\u00bb module_class=\u00bbsub_page_header\u00bb _builder_version=\u00bb4.16&#8243; title_font=\u00bbLato|on|||\u00bb title_font_size=\u00bb32px\u00bb background_color=\u00bbrgba(255,255,255,0)\u00bb background_image=\u00bb\/wp-content\/uploads\/2017\/01\/parents_banner_new.jpg\u00bb max_width_tablet=\u00bb50px\u00bb title_font_size_tablet=\u00bb26px\u00bb title_font_size_phone=\u00bb20px\u00bb title_font_size_last_edited=\u00bbon|phone\u00bb custom_css_title=\u00bbtext-shadow: 1px 1p 1px rgba(0,0,0,0.9);\u00bb background_url=\u00bb\/wp-content\/uploads\/2017\/01\/parents_banner_new.jpg\u00bb saved_tabs=\u00bball\u00bb global_colors_info=\u00bb{}\u00bb button_one_text_size__hover_enabled=\u00bboff\u00bb button_one_text_size__hover=\u00bbnull\u00bb button_two_text_size__hover_enabled=\u00bboff\u00bb button_two_text_size__hover=\u00bbnull\u00bb button_one_text_color__hover_enabled=\u00bboff\u00bb button_one_text_color__hover=\u00bbnull\u00bb button_two_text_color__hover_enabled=\u00bboff\u00bb button_two_text_color__hover=\u00bbnull\u00bb button_one_border_width__hover_enabled=\u00bboff\u00bb button_one_border_width__hover=\u00bbnull\u00bb button_two_border_width__hover_enabled=\u00bboff\u00bb button_two_border_width__hover=\u00bbnull\u00bb button_one_border_color__hover_enabled=\u00bboff\u00bb button_one_border_color__hover=\u00bbnull\u00bb button_two_border_color__hover_enabled=\u00bboff\u00bb button_two_border_color__hover=\u00bbnull\u00bb button_one_border_radius__hover_enabled=\u00bboff\u00bb button_one_border_radius__hover=\u00bbnull\u00bb button_two_border_radius__hover_enabled=\u00bboff\u00bb button_two_border_radius__hover=\u00bbnull\u00bb button_one_letter_spacing__hover_enabled=\u00bboff\u00bb button_one_letter_spacing__hover=\u00bbnull\u00bb button_two_letter_spacing__hover_enabled=\u00bboff\u00bb button_two_letter_spacing__hover=\u00bbnull\u00bb button_one_bg_color__hover_enabled=\u00bboff\u00bb button_one_bg_color__hover=\u00bbnull\u00bb button_two_bg_color__hover_enabled=\u00bboff\u00bb button_two_bg_color__hover=\u00bbnull\u00bb][\/et_pb_fullwidth_header][et_pb_fullwidth_post_title meta=\u00bboff\u00bb featured_image=\u00bboff\u00bb text_color=\u00bblight\u00bb text_background=\u00bbon\u00bb text_bg_color=\u00bbrgba(25,188,185,0.7)\u00bb _builder_version=\u00bb4.16&#8243; parallax=\u00bbon\u00bb text_orientation=\u00bbcenter\u00bb custom_margin=\u00bb-90px|||\u00bb parallax_effect=\u00bbon\u00bb use_border_color=\u00bboff\u00bb border_color=\u00bb#ffffff\u00bb border_style=\u00bbsolid\u00bb saved_tabs=\u00bball\u00bb global_colors_info=\u00bb{}\u00bb][\/et_pb_fullwidth_post_title][\/et_pb_section][et_pb_section fb_built=\u00bb1&#8243; admin_label=\u00bbsection\u00bb _builder_version=\u00bb4.16&#8243; custom_padding=\u00bb0px||0px|\u00bb custom_padding_tablet=\u00bb0px||0px|\u00bb transparent_background=\u00bboff\u00bb padding_mobile=\u00bbon\u00bb make_fullwidth=\u00bboff\u00bb use_custom_width=\u00bboff\u00bb width_unit=\u00bbon\u00bb global_colors_info=\u00bb{}\u00bb][et_pb_row use_custom_gutter=\u00bbon\u00bb gutter_width=\u00bb1&#8243; padding_mobile=\u00bbon\u00bb make_equal=\u00bbon\u00bb column_padding_mobile=\u00bbon\u00bb custom_padding_last_edited=\u00bbon|phone\u00bb admin_label=\u00bbfila\u00bb module_class=\u00bb et_pb_row_fullwidth\u00bb _builder_version=\u00bb4.16&#8243; background_size=\u00bbinitial\u00bb background_position=\u00bbtop_left\u00bb background_repeat=\u00bbrepeat\u00bb width=\u00bb100%\u00bb width_tablet=\u00bb100%\u00bb width_last_edited=\u00bbon|desktop\u00bb max_width=\u00bb100%\u00bb max_width_tablet=\u00bb100%\u00bb max_width_last_edited=\u00bbon|desktop\u00bb custom_margin=\u00bb0px||0px|\u00bb custom_padding=\u00bb0px||0px|\u00bb custom_padding_tablet=\u00bb\u00bb custom_padding_phone=\u00bb\u00bb make_fullwidth=\u00bbon\u00bb use_custom_width=\u00bboff\u00bb width_unit=\u00bbon\u00bb global_colors_info=\u00bb{}\u00bb column_structure=\u00bb1_3,2_3&#8243; width_phone=\u00bb100%\u00bb max_width_phone=\u00bb100%\u00bb][et_pb_column type=\u00bb1_3&#8243; _builder_version=\u00bb4.16&#8243; background_color=\u00bb#f7f7f7&#8243; custom_padding=\u00bb0px||0px|\u00bb global_colors_info=\u00bb{}\u00bb custom_padding__hover=\u00bb|||\u00bb][et_pb_text disabled_on=\u00bbon|on|\u00bb _builder_version=\u00bb4.16&#8243; text_font_size=\u00bb18&#8243; text_line_height=\u00bb1.8em\u00bb header_text_color=\u00bb#19bcb9&#8243; background_size=\u00bbinitial\u00bb background_position=\u00bbtop_left\u00bb background_repeat=\u00bbrepeat\u00bb text_orientation=\u00bbright\u00bb custom_margin=\u00bb0px||0px|\u00bb custom_padding=\u00bb70px|10%|10%|10%\u00bb custom_padding_tablet=\u00bb30px|10%|10%|10%\u00bb custom_padding_phone=\u00bb20px|10%|10%|10%\u00bb custom_padding_last_edited=\u00bbon|tablet\u00bb text_font_size_tablet=\u00bb16&#8243; text_font_size_phone=\u00bb14&#8243; text_font_size_last_edited=\u00bbon|phone\u00bb use_border_color=\u00bboff\u00bb border_color=\u00bb#ffffff\u00bb border_style=\u00bbsolid\u00bb global_colors_info=\u00bb{}\u00bb]<\/p>\n<h1>Divulgaciones de organizaciones estatales sin fines de lucro<\/h1>\n<p>[\/et_pb_text][\/et_pb_column][et_pb_column type=\u00bb2_3&#8243; _builder_version=\u00bb4.16&#8243; custom_padding=\u00bb0px||0px|\u00bb global_colors_info=\u00bb{}\u00bb custom_padding__hover=\u00bb|||\u00bb][et_pb_text _builder_version=\u00bb4.27.4&#8243; background_size=\u00bbinitial\u00bb background_position=\u00bbtop_left\u00bb background_repeat=\u00bbrepeat\u00bb custom_margin=\u00bb0px||0px|\u00bb custom_padding=\u00bb70px|15%|5%|10%\u00bb custom_padding_tablet=\u00bb30px|10%|5%|10%\u00bb custom_padding_phone=\u00bb10px|10%|5%|10%\u00bb custom_padding_last_edited=\u00bbon|phone\u00bb hover_enabled=\u00bb0&#8243; border_color_all=\u00bb#ffffff\u00bb use_border_color=\u00bboff\u00bb border_color=\u00bb#ffffff\u00bb border_style=\u00bbsolid\u00bb global_colors_info=\u00bb{}\u00bb sticky_enabled=\u00bb0&#8243;]<\/p>\n<p>En determinados estados, las organizaciones sin fines de lucro que solicitan contribuciones deben presentar divulgaciones por escrito. Las divulgaciones individuales del estado se indican a continuaci\u00f3n.<\/p>\n<p><strong>Florida<\/strong>: UNA COPIA DE LA INSCRIPCI\u00d3N OFICIAL Y DE LA INFORMACI\u00d3N FINANCIERA, QUE SE OBTIENEN DE LA DIVISI\u00d3N DE SERVICIOS AL CONSUMIDOR POR TEL\u00c9FONO, DENTRO DEL ESTADO, AL N\u00daMERO GRATUITO 1-800-435-7352 (800-HELP-FLA), O EN EL SITIO WEB www.FloridaConsumerHelp.com. LA INSCRIPCI\u00d3N NO IMPLICA RESPALDO, APROBACI\u00d3N NI RECOMENDACI\u00d3N POR PARTE DEL ESTADO. Inscripci\u00f3n en Florida #CH39443<\/p>\n<p><strong>Maryland<\/strong>: En lo que respecta al costo de las copias y el franqueo de la Oficina de la Secretar\u00eda de Estado, Casa de Estado, Annapolis, MD\u00a021401.<\/p>\n<p><strong>Nueva Jersey:<\/strong>LA INFORMACI\u00d3N PRESENTADA ANTE EL FISCAL GENERAL EN LO REFERENTE A ESTA SOLICITUD DE CARIDAD Y EL PORCENTAJE DE LAS CONTRIBUCIONES RECIBIDAS POR LA ORGANIZACI\u00d3N DURANTE EL \u00daLTIMO PER\u00cdODO DE INFORME QUE SE DEDICARON AL PROP\u00d3SITO CARITATIVO SE PUEDE OBTENER DEL FISCAL GENERAL DEL ESTADO DE NUEVA JERSEY POR TEL\u00c9FONO AL N\u00daMERO (973)\u00a0504-6215. TAMBI\u00c9N EST\u00c1 DISPONIBLE EN INTERNET, EN <a href=\"http:\/\/www.state.nj.us\/lps\/ca\/charfrm.htm\" target=\"_blank\" rel=\"noopener\">www.state.nj.us\/lps\/ca\/charfrm.htm<\/a>. LA INSCRIPCI\u00d3N EN LA PROCURADUR\u00cdA GENERAL NO IMPLICA RESPALDO.<\/p>\n<p><strong>Nueva York: <\/strong> <strong>a petici\u00f3n, en la Oficina de Caridades de la Fiscal\u00eda General, 120 Broadway, Nueva York, NY 10271.<\/strong><\/p>\n<p><strong>Virginia: <\/strong>en la Oficina Estatal de Asuntos del Consumidor del Departamento de Agricultura y Asuntos del Consumidor, P.O. Box 1163, Richmond, VA 23218.<\/p>\n<p><strong>Wisconsin: <\/strong>a pedido de la persona interesada, se entregar\u00e1 una declaraci\u00f3n financiera de la organizaci\u00f3n caritativa en la que se detallen los activos, los pasivos, los saldos de fondos, los ingresos y los gastos para el a\u00f1o fiscal anterior.<\/p>\n<p><strong>LA INSCRIPCI\u00d3N EN UNA AGENCIA ESTATAL NO CONSTITUYE NI IMPLICA RESPALDO, APROBACI\u00d3N O RECOMENDACI\u00d3N POR PARTE DE ESE ESTADO.<\/strong><\/p>\n<p>M\u00e1s informaci\u00f3n sobre las <a href=\"http:\/\/www.labyrinthinc.com\/resources\/nonprofit-regulations\/fundraising-disclosure-statements\/\">declaraciones de divulgaci\u00f3n<\/a> y la <a href=\"http:\/\/www.labyrinthinc.com\/resources\/annual-charitable-state-registrations\/charity-solicitation-registration-white-paper\/\">inscripci\u00f3n de las solicitudes de las organizaciones sin fines de lucro<\/a>.<\/p>\n<p>[\/et_pb_text][\/et_pb_column][\/et_pb_row][\/et_pb_section][et_pb_section fb_built=\u00bb1&#8243; admin_label=\u00bbsection\u00bb _builder_version=\u00bb4.16&#8243; custom_padding=\u00bb0px||0px|\u00bb global_colors_info=\u00bb{}\u00bb][et_pb_row use_custom_gutter=\u00bbon\u00bb gutter_width=\u00bb1&#8243; make_equal=\u00bbon\u00bb custom_padding_last_edited=\u00bbon|phone\u00bb admin_label=\u00bbfila\u00bb module_class=\u00bb et_pb_row_fullwidth\u00bb _builder_version=\u00bb4.16&#8243; background_size=\u00bbinitial\u00bb background_position=\u00bbtop_left\u00bb background_repeat=\u00bbrepeat\u00bb width=\u00bb100%\u00bb width_tablet=\u00bb100%\u00bb width_last_edited=\u00bbon|desktop\u00bb max_width=\u00bb100%\u00bb max_width_tablet=\u00bb100%\u00bb max_width_last_edited=\u00bbon|desktop\u00bb custom_margin=\u00bb0px||0px|\u00bb custom_padding=\u00bb0px||0px|\u00bb custom_padding_tablet=\u00bb\u00bb custom_padding_phone=\u00bb\u00bb make_fullwidth=\u00bbon\u00bb global_colors_info=\u00bb{}\u00bb column_structure=\u00bb1_3,2_3&#8243; width_phone=\u00bb100%\u00bb max_width_phone=\u00bb100%\u00bb][et_pb_column type=\u00bb1_3&#8243; _builder_version=\u00bb4.16&#8243; background_color=\u00bb#f7f7f7&#8243; custom_padding=\u00bb20px|5%|20px|5%\u00bb custom_padding_tablet=\u00bb20px|10%|20px|10%\u00bb custom_padding_last_edited=\u00bbon|phone\u00bb global_colors_info=\u00bb{}\u00bb custom_padding__hover=\u00bb|||\u00bb custom_padding_phone=\u00bb20px|10%|20px|10%\u00bb][\/et_pb_column][et_pb_column type=\u00bb2_3&#8243; _builder_version=\u00bb4.16&#8243; custom_padding=\u00bb20px|10%|30px|5%\u00bb custom_padding_tablet=\u00bb20px|10%|20px|10%\u00bb custom_padding_phone=\u00bb20px|5%|20px|5%\u00bb custom_padding_last_edited=\u00bbon|phone\u00bb global_colors_info=\u00bb{}\u00bb custom_padding__hover=\u00bb|||\u00bb][et_pb_text admin_label=\u00bbshare buttons\u00bb _builder_version=\u00bb4.16&#8243; global_colors_info=\u00bb{}\u00bb][DISPLAY_ULTIMATE_PLUS]<br \/>\n[\/et_pb_text][\/et_pb_column][\/et_pb_row][et_pb_row use_custom_gutter=\u00bbon\u00bb gutter_width=\u00bb1&#8243; make_equal=\u00bbon\u00bb module_class=\u00bb et_pb_row_fullwidth\u00bb _builder_version=\u00bb4.16&#8243; background_color=\u00bb#00b1ad\u00bb width=\u00bb100%\u00bb width_tablet=\u00bb100%\u00bb width_last_edited=\u00bbon|desktop\u00bb max_width=\u00bb100%\u00bb max_width_tablet=\u00bb100%\u00bb max_width_last_edited=\u00bbon|desktop\u00bb module_alignment=\u00bbcenter\u00bb custom_margin=\u00bb0px|||\u00bb custom_padding=\u00bb0px||0px|\u00bb make_fullwidth=\u00bbon\u00bb global_colors_info=\u00bb{}\u00bb column_structure=\u00bb1_2,1_2&#8243; width_phone=\u00bb100%\u00bb max_width_phone=\u00bb100%\u00bb][et_pb_column type=\u00bb1_2&#8243; _builder_version=\u00bb4.16&#8243; custom_padding=\u00bb25px|5%|25px|5%\u00bb global_colors_info=\u00bb{}\u00bb custom_padding__hover=\u00bb|||\u00bb][et_pb_contact_form email=\u00bbmelissa@caseforsmiles.org\u00bb title=\u00bb\u00danete a nuestro blog\u00bb success_message=\u00bbGracias por compartir con nosotros.\u00bb submit_button_text=\u00bb\u00daNETE\u00bb _builder_version=\u00bb4.16&#8243; _unique_id=\u00bb3b4eb62f-d5ec-4411-bbe9-ecc87b6f640f\u00bb title_level=\u00bbh3&#8243; title_font=\u00bb|700|||||||\u00bb title_text_color=\u00bb#ffffff\u00bb custom_button=\u00bbon\u00bb button_border_width=\u00bb0&#8243; button_border_radius=\u00bb0&#8243; global_colors_info=\u00bb{}\u00bb][et_pb_contact_field field_id=\u00bbName\u00bb field_title=\u00bbNombre\u00bb _builder_version=\u00bb3.23&#8243; form_field_background_color=\u00bb#f2f2f2&#8243; custom_padding=\u00bb5px|5px|5px|5px\u00bb custom_padding_tablet=\u00bb5px|5px|5px|5px\u00bb custom_padding_phone=\u00bb5px|5px|5px|5px\u00bb field_background_color=\u00bb#f2f2f2&#8243; global_colors_info=\u00bb{}\u00bb][\/et_pb_contact_field][et_pb_contact_field field_id=\u00bbEmail\u00bb field_title=\u00bbDirecci\u00f3n de correo electr\u00f3nico\u00bb field_type=\u00bbemail\u00bb _builder_version=\u00bb3.19.15&#8243; custom_margin=\u00bb0px|||\u00bb custom_margin_tablet=\u00bb0px|||\u00bb custom_margin_phone=\u00bb0px|||\u00bb custom_padding=\u00bb5px|5px|5px|5px\u00bb custom_padding_tablet=\u00bb5px|5px|5px|5px\u00bb custom_padding_phone=\u00bb5px|5px|5px|5px\u00bb global_colors_info=\u00bb{}\u00bb][\/et_pb_contact_field][\/et_pb_contact_form][\/et_pb_column][et_pb_column type=\u00bb1_2&#8243; _builder_version=\u00bb4.16&#8243; custom_padding=\u00bb25px|5%|25px|5%\u00bb global_colors_info=\u00bb{}\u00bb custom_padding__hover=\u00bb|||\u00bb][et_pb_cta title=\u00bb\u00bfQuieres hacer una donaci\u00f3n?\u00bb button_url=\u00bbhttps:\/\/caseforsmiles.z2systems.com\/np\/clients\/caseforsmiles\/donation.jsp?campaign=3&#038;\u00bb button_text=\u00bbDONAR\u00bb admin_label=\u00bbdonaci\u00f3n\u00bb _builder_version=\u00bb4.16&#8243; header_level=\u00bbh3&#8243; header_font=\u00bb|700|||||||\u00bb header_text_color=\u00bb#ffffff\u00bb use_background_color=\u00bboff\u00bb custom_button=\u00bbon\u00bb button_text_size=\u00bb18&#8243; button_text_color=\u00bb#00b1ad\u00bb button_bg_color=\u00bb#f4f4f4&#8243; button_border_width=\u00bb1&#8243; button_border_color=\u00bb#f4f4f4&#8243; button_border_radius=\u00bb10&#8243; button_letter_spacing=\u00bb1&#8243; button_font=\u00bb|700|||||||\u00bb text_orientation=\u00bbleft\u00bb custom_margin=\u00bb0px|||\u00bb custom_padding=\u00bb0px||20px|\u00bb custom_css_promo_description=\u00bbpadding-bottom:0px!important;\u00bb global_colors_info=\u00bb{}\u00bb][\/et_pb_cta][et_pb_cta title=\u00bbValoramos tu opini\u00f3n\u00bb button_url=\u00bbhttps:\/\/copingspace.org\/es\/opinar\/\u00bb button_text=\u00bbOPINAR\u00bb admin_label=\u00bbopinar\u00bb _builder_version=\u00bb4.16&#8243; header_level=\u00bbh3&#8243; header_font=\u00bb|700|||||||\u00bb header_text_color=\u00bb#ffffff\u00bb use_background_color=\u00bboff\u00bb custom_button=\u00bbon\u00bb button_text_size=\u00bb18&#8243; button_text_color=\u00bb#00b1ad\u00bb button_bg_color=\u00bb#f4f4f4&#8243; button_border_width=\u00bb1&#8243; button_border_color=\u00bb#f4f4f4&#8243; button_border_radius=\u00bb10&#8243; button_letter_spacing=\u00bb1&#8243; button_font=\u00bb|700|||||||\u00bb text_orientation=\u00bbleft\u00bb custom_margin=\u00bb0px|||\u00bb custom_padding=\u00bb0px||20px|\u00bb custom_css_promo_description=\u00bbpadding-bottom:0px!important;\u00bb global_colors_info=\u00bb{}\u00bb][\/et_pb_cta][\/et_pb_column][\/et_pb_row][\/et_pb_section]<\/p>\n","protected":false},"excerpt":{"rendered":"<p>Divulgaciones de organizaciones estatales sin fines de lucro En determinados estados, las organizaciones sin fines de lucro que solicitan contribuciones deben presentar divulgaciones por escrito. Las divulgaciones individuales del estado se indican a continuaci\u00f3n. Florida: UNA COPIA DE LA INSCRIPCI\u00d3N OFICIAL Y DE LA INFORMACI\u00d3N FINANCIERA, QUE SE OBTIENEN DE LA DIVISI\u00d3N DE SERVICIOS AL [&hellip;]<\/p>\n","protected":false},"author":1,"featured_media":0,"parent":0,"menu_order":0,"comment_status":"closed","ping_status":"closed","template":"","meta":{"_et_pb_use_builder":"on","_et_pb_old_content":"","_et_gb_content_width":"","footnotes":""},"class_list":["post-6137","page","type-page","status-publish","hentry"],"yoast_head":"<!-- This site is optimized with the Yoast SEO plugin v27.3 - https:\/\/yoast.com\/product\/yoast-seo-wordpress\/ -->\n<title>Divulgaciones - Coping Space<\/title>\n<meta name=\"robots\" content=\"index, follow, max-snippet:-1, max-image-preview:large, max-video-preview:-1\" \/>\n<link rel=\"canonical\" href=\"https:\/\/copingspace.org\/es\/divulgaciones\/\" \/>\n<meta property=\"og:locale\" content=\"es_ES\" \/>\n<meta property=\"og:type\" content=\"article\" \/>\n<meta property=\"og:title\" content=\"Divulgaciones - Coping Space\" \/>\n<meta property=\"og:description\" content=\"Divulgaciones de organizaciones estatales sin fines de lucro En determinados estados, las organizaciones sin fines de lucro que solicitan contribuciones deben presentar divulgaciones por escrito. Las divulgaciones individuales del estado se indican a continuaci\u00f3n. Florida: UNA COPIA DE LA INSCRIPCI\u00d3N OFICIAL Y DE LA INFORMACI\u00d3N FINANCIERA, QUE SE OBTIENEN DE LA DIVISI\u00d3N DE SERVICIOS AL [&hellip;]\" \/>\n<meta property=\"og:url\" content=\"https:\/\/copingspace.org\/es\/divulgaciones\/\" \/>\n<meta property=\"og:site_name\" content=\"Coping Space\" \/>\n<meta property=\"article:modified_time\" content=\"2025-12-10T17:15:18+00:00\" \/>\n<meta name=\"twitter:card\" content=\"summary_large_image\" \/>\n<meta name=\"twitter:label1\" content=\"Tiempo de lectura\" \/>\n\t<meta name=\"twitter:data1\" content=\"2 minutos\" \/>\n<script type=\"application\/ld+json\" class=\"yoast-schema-graph\">{\"@context\":\"https:\\\/\\\/schema.org\",\"@graph\":[{\"@type\":\"WebPage\",\"@id\":\"https:\\\/\\\/copingspace.org\\\/es\\\/divulgaciones\\\/\",\"url\":\"https:\\\/\\\/copingspace.org\\\/es\\\/divulgaciones\\\/\",\"name\":\"Divulgaciones - Coping Space\",\"isPartOf\":{\"@id\":\"https:\\\/\\\/copingspace.org\\\/es\\\/#website\"},\"datePublished\":\"2018-10-23T15:43:38+00:00\",\"dateModified\":\"2025-12-10T17:15:18+00:00\",\"breadcrumb\":{\"@id\":\"https:\\\/\\\/copingspace.org\\\/es\\\/divulgaciones\\\/#breadcrumb\"},\"inLanguage\":\"es\",\"potentialAction\":[{\"@type\":\"ReadAction\",\"target\":[\"https:\\\/\\\/copingspace.org\\\/es\\\/divulgaciones\\\/\"]}]},{\"@type\":\"BreadcrumbList\",\"@id\":\"https:\\\/\\\/copingspace.org\\\/es\\\/divulgaciones\\\/#breadcrumb\",\"itemListElement\":[{\"@type\":\"ListItem\",\"position\":1,\"name\":\"Home\",\"item\":\"https:\\\/\\\/copingspace.org\\\/es\\\/\"},{\"@type\":\"ListItem\",\"position\":2,\"name\":\"Divulgaciones\"}]},{\"@type\":\"WebSite\",\"@id\":\"https:\\\/\\\/copingspace.org\\\/es\\\/#website\",\"url\":\"https:\\\/\\\/copingspace.org\\\/es\\\/\",\"name\":\"Coping Space\",\"description\":\"Case For Smiles\",\"potentialAction\":[{\"@type\":\"SearchAction\",\"target\":{\"@type\":\"EntryPoint\",\"urlTemplate\":\"https:\\\/\\\/copingspace.org\\\/es\\\/?s={search_term_string}\"},\"query-input\":{\"@type\":\"PropertyValueSpecification\",\"valueRequired\":true,\"valueName\":\"search_term_string\"}}],\"inLanguage\":\"es\"}]}<\/script>\n<!-- \/ Yoast SEO plugin. -->","yoast_head_json":{"title":"Divulgaciones - Coping Space","robots":{"index":"index","follow":"follow","max-snippet":"max-snippet:-1","max-image-preview":"max-image-preview:large","max-video-preview":"max-video-preview:-1"},"canonical":"https:\/\/copingspace.org\/es\/divulgaciones\/","og_locale":"es_ES","og_type":"article","og_title":"Divulgaciones - Coping Space","og_description":"Divulgaciones de organizaciones estatales sin fines de lucro En determinados estados, las organizaciones sin fines de lucro que solicitan contribuciones deben presentar divulgaciones por escrito. Las divulgaciones individuales del estado se indican a continuaci\u00f3n. Florida: UNA COPIA DE LA INSCRIPCI\u00d3N OFICIAL Y DE LA INFORMACI\u00d3N FINANCIERA, QUE SE OBTIENEN DE LA DIVISI\u00d3N DE SERVICIOS AL [&hellip;]","og_url":"https:\/\/copingspace.org\/es\/divulgaciones\/","og_site_name":"Coping Space","article_modified_time":"2025-12-10T17:15:18+00:00","twitter_card":"summary_large_image","twitter_misc":{"Tiempo de lectura":"2 minutos"},"schema":{"@context":"https:\/\/schema.org","@graph":[{"@type":"WebPage","@id":"https:\/\/copingspace.org\/es\/divulgaciones\/","url":"https:\/\/copingspace.org\/es\/divulgaciones\/","name":"Divulgaciones - Coping Space","isPartOf":{"@id":"https:\/\/copingspace.org\/es\/#website"},"datePublished":"2018-10-23T15:43:38+00:00","dateModified":"2025-12-10T17:15:18+00:00","breadcrumb":{"@id":"https:\/\/copingspace.org\/es\/divulgaciones\/#breadcrumb"},"inLanguage":"es","potentialAction":[{"@type":"ReadAction","target":["https:\/\/copingspace.org\/es\/divulgaciones\/"]}]},{"@type":"BreadcrumbList","@id":"https:\/\/copingspace.org\/es\/divulgaciones\/#breadcrumb","itemListElement":[{"@type":"ListItem","position":1,"name":"Home","item":"https:\/\/copingspace.org\/es\/"},{"@type":"ListItem","position":2,"name":"Divulgaciones"}]},{"@type":"WebSite","@id":"https:\/\/copingspace.org\/es\/#website","url":"https:\/\/copingspace.org\/es\/","name":"Coping Space","description":"Case For Smiles","potentialAction":[{"@type":"SearchAction","target":{"@type":"EntryPoint","urlTemplate":"https:\/\/copingspace.org\/es\/?s={search_term_string}"},"query-input":{"@type":"PropertyValueSpecification","valueRequired":true,"valueName":"search_term_string"}}],"inLanguage":"es"}]}},"_links":{"self":[{"href":"https:\/\/copingspace.org\/es\/wp-json\/wp\/v2\/pages\/6137","targetHints":{"allow":["GET"]}}],"collection":[{"href":"https:\/\/copingspace.org\/es\/wp-json\/wp\/v2\/pages"}],"about":[{"href":"https:\/\/copingspace.org\/es\/wp-json\/wp\/v2\/types\/page"}],"author":[{"embeddable":true,"href":"https:\/\/copingspace.org\/es\/wp-json\/wp\/v2\/users\/1"}],"replies":[{"embeddable":true,"href":"https:\/\/copingspace.org\/es\/wp-json\/wp\/v2\/comments?post=6137"}],"version-history":[{"count":2,"href":"https:\/\/copingspace.org\/es\/wp-json\/wp\/v2\/pages\/6137\/revisions"}],"predecessor-version":[{"id":6851,"href":"https:\/\/copingspace.org\/es\/wp-json\/wp\/v2\/pages\/6137\/revisions\/6851"}],"wp:attachment":[{"href":"https:\/\/copingspace.org\/es\/wp-json\/wp\/v2\/media?parent=6137"}],"curies":[{"name":"wp","href":"https:\/\/api.w.org\/{rel}","templated":true}]}}